{"id":1518,"date":"2024-08-12T11:57:36","date_gmt":"2024-08-12T11:57:36","guid":{"rendered":"https:\/\/marcosrestegui.com\/?page_id=1518"},"modified":"2024-09-23T07:34:12","modified_gmt":"2024-09-23T07:34:12","slug":"aviso-legal","status":"publish","type":"page","link":"https:\/\/marcosrestegui.com\/en\/aviso-legal\/","title":{"rendered":"Legal notice"},"content":{"rendered":"<div data-elementor-type=\"wp-page\" data-elementor-id=\"1518\" class=\"elementor elementor-1518\">\n\t\t\t\t<div class=\"elementor-element elementor-element-5c144c0 e-flex e-con-boxed wpr-particle-no wpr-jarallax-no wpr-parallax-no wpr-sticky-section-no e-con e-parent\" data-id=\"5c144c0\" data-element_type=\"container\" data-settings=\"{&quot;background_background&quot;:&quot;classic&quot;}\">\n\t\t\t\t\t<div class=\"e-con-inner\">\n\t\t\t\t\t<\/div>\n\t\t\t\t<\/div>\n\t\t\t\t<section class=\"elementor-section elementor-top-section elementor-element elementor-element-1b235d8 elementor-section-height-min-height elementor-section-boxed elementor-section-height-default elementor-section-items-middle wpr-particle-no wpr-jarallax-no wpr-parallax-no wpr-sticky-section-no\" data-id=\"1b235d8\" data-element_type=\"section\" data-settings=\"{&quot;background_background&quot;:&quot;classic&quot;,&quot;shape_divider_top&quot;:&quot;opacity-fan&quot;}\">\n\t\t\t\t\t\t\t<div class=\"elementor-background-overlay\"><\/div>\n\t\t\t\t\t\t<div class=\"elementor-shape elementor-shape-top\" data-negative=\"false\">\n\t\t\t<svg xmlns=\"http:\/\/www.w3.org\/2000\/svg\" viewbox=\"0 0 283.5 19.6\" preserveaspectratio=\"none\">\n\t<path class=\"elementor-shape-fill\" style=\"opacity:0.33\" d=\"M0 0L0 18.8 141.8 4.1 283.5 18.8 283.5 0z\"\/>\n\t<path class=\"elementor-shape-fill\" style=\"opacity:0.33\" d=\"M0 0L0 12.6 141.8 4 283.5 12.6 283.5 0z\"\/>\n\t<path class=\"elementor-shape-fill\" style=\"opacity:0.33\" d=\"M0 0L0 6.4 141.8 4 283.5 6.4 283.5 0z\"\/>\n\t<path class=\"elementor-shape-fill\" d=\"M0 0L0 1.2 141.8 4 283.5 1.2 283.5 0z\"\/>\n<\/svg>\t\t<\/div>\n\t\t\t\t\t<div class=\"elementor-container elementor-column-gap-default\">\n\t\t\t\t\t<div class=\"elementor-column elementor-col-100 elementor-top-column elementor-element elementor-element-6194d44\" data-id=\"6194d44\" data-element_type=\"column\">\n\t\t\t<div class=\"elementor-widget-wrap elementor-element-populated\">\n\t\t\t\t\t\t<section class=\"elementor-section elementor-inner-section elementor-element elementor-element-1bb554b elementor-section-height-min-height elementor-section-content-middle elementor-section-boxed elementor-section-height-default wpr-particle-no wpr-jarallax-no wpr-parallax-no wpr-sticky-section-no\" data-id=\"1bb554b\" data-element_type=\"section\">\n\t\t\t\t\t\t<div class=\"elementor-container elementor-column-gap-default\">\n\t\t\t\t\t<div class=\"elementor-column elementor-col-100 elementor-inner-column elementor-element elementor-element-5b9afc4\" data-id=\"5b9afc4\" data-element_type=\"column\">\n\t\t\t<div class=\"elementor-widget-wrap elementor-element-populated\">\n\t\t\t\t\t\t<div class=\"elementor-element elementor-element-67a8073 animated-slow elementor-invisible elementor-widget elementor-widget-text-editor\" data-id=\"67a8073\" data-element_type=\"widget\" data-settings=\"{&quot;_animation&quot;:&quot;fadeInUp&quot;,&quot;_animation_delay&quot;:400}\" data-widget_type=\"text-editor.default\">\n\t\t\t\t<div class=\"elementor-widget-container\">\n\t\t\t\t\t\t\t<p>This document contains the regulations governing access to and use of the website <a href=\"https:\/\/marcosrestegui.es\/\">https:\/\/marcosrestegui.es\/<\/a>, <a href=\"https:\/\/marcosrestegui.com\/en\/\">https:\/\/marcosrestegui.com\/<\/a>(en adelante, la p\u00e1gina web) cuyo titular es MARCOS RESTEGUI REBOLLEDO. (en adelante MARCOS RESTEGUI) con CIF.- 13705280V.<\/p>\n<p>Los nombres de dominio, marcosrestegui.com y marcosrestegui.es, est\u00e1n registrados a favor de MARCOS RESTEGUI. El domicilio social de MARCOS RESTEGUI queda establecido, a los efectos de la presente Informaci\u00f3n Legal, en C\/ Claudio Moyano, 1, 47001, Valladolid, Espa\u00f1a.<\/p>\n<p>The user can contact us at the following numbers and e-mail:<\/p>\n<p>Phone (+34) 983 35 34 64<br>E-mail info@marcosrestegui.com<\/p>\n<p>Access to and\/or use of the website implies acceptance and application of the conditions referred to in this document at the time of such access and\/or use.<\/p>\t\t\t\t\t\t<\/div>\n\t\t\t\t<\/div>\n\t\t\t\t<div class=\"elementor-element elementor-element-a6ea5bc animated-slow elementor-invisible elementor-widget elementor-widget-heading\" data-id=\"a6ea5bc\" data-element_type=\"widget\" data-settings=\"{&quot;_animation&quot;:&quot;fadeInDown&quot;}\" data-widget_type=\"heading.default\">\n\t\t\t\t<div class=\"elementor-widget-container\">\n\t\t\t<h2 class=\"elementor-heading-title elementor-size-default\">GENERAL CONDITIONS OF USE OF THE WEBSITES<\/h2>\t\t<\/div>\n\t\t\t\t<\/div>\n\t\t\t\t<div class=\"elementor-element elementor-element-9124ff5 animated-slow elementor-invisible elementor-widget elementor-widget-text-editor\" data-id=\"9124ff5\" data-element_type=\"widget\" data-settings=\"{&quot;_animation&quot;:&quot;fadeInUp&quot;,&quot;_animation_delay&quot;:400}\" data-widget_type=\"text-editor.default\">\n\t\t\t\t<div class=\"elementor-widget-container\">\n\t\t\t\t\t\t\t<p>Accessing and browsing this website implies the express and full acceptance of the conditions set out herein, without prejudice to those particular conditions that may apply to some of the specific services offered through the website, the user being informed and accepting that access to this website does not imply, in any way, the beginning of a commercial relationship with MARCOS RESTEGUI.<\/p><p>MARCOS RESTEGUI reserves the right to modify at any time the present conditions of use as well as any other particular conditions, being able to change, delete or add both the contents and services provided through the same and the way in which they are presented or located on its servers.<\/p><p>This website and all its material belong to MARCOS RESTEGUI. This Site or any part of it may not be reproduced, duplicated, copied, sold, resold or exploited for any commercial or other purpose that is not expressly permitted by\u00a0<span style=\"letter-spacing: 0px; color: var(--global-palette4);\">MARCOS RESTEGUI<\/span><span style=\"letter-spacing: 0px; color: var(--global-palette4);\">. Modification of the materials or use of the materials for any other purpose is a violation of copyright law and other trademark rights.<\/span><\/p>\t\t\t\t\t\t<\/div>\n\t\t\t\t<\/div>\n\t\t\t\t<div class=\"elementor-element elementor-element-4182e09 animated-slow elementor-invisible elementor-widget elementor-widget-heading\" data-id=\"4182e09\" data-element_type=\"widget\" data-settings=\"{&quot;_animation&quot;:&quot;fadeInDown&quot;}\" data-widget_type=\"heading.default\">\n\t\t\t\t<div class=\"elementor-widget-container\">\n\t\t\t<h2 class=\"elementor-heading-title elementor-size-default\">LIMITED LIABILITY<\/h2>\t\t<\/div>\n\t\t\t\t<\/div>\n\t\t\t\t<div class=\"elementor-element elementor-element-eaec488 animated-slow elementor-invisible elementor-widget elementor-widget-text-editor\" data-id=\"eaec488\" data-element_type=\"widget\" data-settings=\"{&quot;_animation&quot;:&quot;fadeInUp&quot;,&quot;_animation_delay&quot;:400}\" data-widget_type=\"text-editor.default\">\n\t\t\t\t<div class=\"elementor-widget-container\">\n\t\t\t\t\t\t\t<p>MARCOS RESTEGUI does not identify with the opinions expressed therein by its collaborators.<\/p><p>Under no circumstances shall MARCOS RESTEGUI, its directors, employees, partners, suppliers and technological allies be liable to third parties for any direct or indirect damage, economic loss, loss of clientele or loss of profits, resulting from the use of this Web Site.<\/p>\t\t\t\t\t\t<\/div>\n\t\t\t\t<\/div>\n\t\t\t\t<div class=\"elementor-element elementor-element-42b795c animated-slow elementor-invisible elementor-widget elementor-widget-heading\" data-id=\"42b795c\" data-element_type=\"widget\" data-settings=\"{&quot;_animation&quot;:&quot;fadeInDown&quot;}\" data-widget_type=\"heading.default\">\n\t\t\t\t<div class=\"elementor-widget-container\">\n\t\t\t<h2 class=\"elementor-heading-title elementor-size-default\">BRANDS<\/h2>\t\t<\/div>\n\t\t\t\t<\/div>\n\t\t\t\t<div class=\"elementor-element elementor-element-9514fd9 animated-slow elementor-invisible elementor-widget elementor-widget-text-editor\" data-id=\"9514fd9\" data-element_type=\"widget\" data-settings=\"{&quot;_animation&quot;:&quot;fadeInUp&quot;,&quot;_animation_delay&quot;:400}\" data-widget_type=\"text-editor.default\">\n\t\t\t\t<div class=\"elementor-widget-container\">\n\t\t\t\t\t\t\t<p>The trademarks and logos that may appear on this website belong to MARCOS RESTEGUI and third parties and may not be used in any type of advertisement or advertising material relating to the distribution of any information or content extracted from this website without the prior written consent of the legal owner of the trademark.<\/p>\t\t\t\t\t\t<\/div>\n\t\t\t\t<\/div>\n\t\t\t\t<div class=\"elementor-element elementor-element-5ee4e27 animated-slow elementor-invisible elementor-widget elementor-widget-heading\" data-id=\"5ee4e27\" data-element_type=\"widget\" data-settings=\"{&quot;_animation&quot;:&quot;fadeInDown&quot;}\" data-widget_type=\"heading.default\">\n\t\t\t\t<div class=\"elementor-widget-container\">\n\t\t\t<h2 class=\"elementor-heading-title elementor-size-default\">INFORMATION AND ITS UPDATING<\/h2>\t\t<\/div>\n\t\t\t\t<\/div>\n\t\t\t\t<div class=\"elementor-element elementor-element-bb7f29a animated-slow elementor-invisible elementor-widget elementor-widget-text-editor\" data-id=\"bb7f29a\" data-element_type=\"widget\" data-settings=\"{&quot;_animation&quot;:&quot;fadeInUp&quot;,&quot;_animation_delay&quot;:400}\" data-widget_type=\"text-editor.default\">\n\t\t\t\t<div class=\"elementor-widget-container\">\n\t\t\t\t\t\t\t<p>MARCOS RESTEGUI makes every effort to ensure that the information appearing on this website is correct and up to date. However, typographical errors or omissions cannot be ruled out, so the user should not consider the information to be accurate without first checking the accuracy directly with MARCOS RESTEGUI.<\/p>\n<p><span style=\"letter-spacing: 0px; color: var(--global-palette4);\">MARCOS RESTEGUI<\/span>&nbsp;cannot control the use that the user makes of the information and therefore will not be responsible for any type of damages, whether direct or indirect, that may derive from the use of said information. In no case will the rights which, as a consumer, may legally correspond to the client of MARCOS RESTEGUI be affected.<\/p>\t\t\t\t\t\t<\/div>\n\t\t\t\t<\/div>\n\t\t\t\t\t<\/div>\n\t\t<\/div>\n\t\t\t\t\t<\/div>\n\t\t<\/section>\n\t\t\t\t\t<\/div>\n\t\t<\/div>\n\t\t\t\t\t<\/div>\n\t\t<\/section>\n\t\t\t\t<\/div>","protected":false},"excerpt":{"rendered":"<p>El presente documento contiene la regulaci\u00f3n del acceso y la utilizaci\u00f3n de la p\u00e1gina web https:\/\/marcosrestegui.es\/, https:\/\/marcosrestegui.com\/(en adelante, la p\u00e1gina web) cuyo titular es MARCOS RESTEGUI REBOLLEDO. (en adelante MARCOS RESTEGUI) con CIF.- 13705280V. Los nombres de dominio, marcosrestegui.com y marcosrestegui.es, est\u00e1n registrados a favor de MARCOS RESTEGUI. El domicilio social de MARCOS RESTEGUI queda establecido, a los efectos de la presente Informaci\u00f3n Legal, en C\/ Claudio Moyano, 1, 47001, Valladolid, Espa\u00f1a. El usuario puede ponerse en contacto con nosotros en los siguientes n\u00fameros y e-mail: Tel\u00e9fono (+34) 983 35 34 64E-mail info@marcosrestegui.com El acceso y\/o utilizaci\u00f3n de la p\u00e1gina web implica la aceptaci\u00f3n y aplicaci\u00f3n de las condiciones a que se refiere el presente documento en el momento de producirse tal acceso y\/o utilizaci\u00f3n. CONDICIONES GENERALES DE USO DE LOS SITIOS WEB El acceso y navegaci\u00f3n en este sitio Web implica la expresa y plena aceptaci\u00f3n de las condiciones aqu\u00ed expuestas, sin perjuicio de aquellas particulares que pudieran aplicarse a algunos de los servicios concretos ofrecidos a trav\u00e9s del sitio Web, quedando el usuario informado, y aceptando, que el acceso a la presente web no supone, en modo alguno, el inicio de una relaci\u00f3n comercial con MARCOS RESTEGUI. MARCOS RESTEGUI se reserva el derecho de modificar en cualquier momento las presentes condiciones de uso as\u00ed como cualesquiera otras condiciones particulares, pudiendo cambiar, suprimir o a\u00f1adir tanto los contenidos y servicios que se presten a trav\u00e9s de la misma como la forma en la que \u00e9stos aparezcan presentados o localizados en sus servidores. Este sitio web y todo su material pertenecen a MARCOS RESTEGUI. Este Sitio o cualquier parte del mismo no se podr\u00e1 reproducir, duplicar, copiar, vender, revender ni explotar para cualquier fin comercial o de otro tipo que no sea expresamente permitido por\u00a0MARCOS RESTEGUI. La modificaci\u00f3n de los materiales o el uso de los mismos para otro fin constituyen una violaci\u00f3n de la ley del Copyright y de otros derechos de marca registrada. RESPONSABILIDAD LIMITADA MARCOS RESTEGUI no se identifica con las opiniones vertidas en el mismo por sus colaboradores. Bajo ninguna circunstancia MARCOS RESTEGUI, sus directivos, empleados, socios, proveedores y aliados tecnol\u00f3gicos ser\u00e1n responsables ante terceros por cualquier da\u00f1o directo o indirecto, econ\u00f3mico, p\u00e9rdida de clientela o p\u00e9rdida de ganancias, resultado del uso de este Sitio Web. MARCAS Las marcas y logotipos que puedan aparecer en este sitio Web pertenecen a MARCOS RESTEGUI y a terceros y no pueden utilizarse en ning\u00fan tipo de anuncio o de material publicitario relativos a la distribuci\u00f3n de cualquier informaci\u00f3n o contenido extra\u00eddo de esta p\u00e1gina Web sin el previo consentimiento por escrito del propietario legal de la marca. INFORMACI\u00d3N Y SU ACTUALIZACI\u00d3N MARCOS RESTEGUI hace los mayores esfuerzos para asegurar que la informaci\u00f3n que aparece en este Sitio Web sea correcta y se encuentre actualizada. No obstante, no se descartan errores tipogr\u00e1ficos u omisiones, por lo que el usuario no deber\u00e1 considerar exacta la informaci\u00f3n sin comprobar antes tal exactitud directamente con MARCOS RESTEGUI. MARCOS RESTEGUI&nbsp;no puede controlar el empleo que el usuario da a la informaci\u00f3n y por tanto no ser\u00e1 responsable de ning\u00fan tipo de da\u00f1os o perjuicios, ya sean directos o indirectos, que puedan derivar del empleo de dicha informaci\u00f3n. En ning\u00fan caso resultar\u00e1n afectados los derechos que, como consumidor, puedan corresponder legalmente al cliente de MARCOS RESTEGUI.<\/p>","protected":false},"author":1,"featured_media":0,"parent":0,"menu_order":0,"comment_status":"closed","ping_status":"closed","template":"elementor_header_footer","meta":{"om_disable_all_campaigns":false,"_kadence_starter_templates_imported_post":true,"_kad_post_transparent":"default","_kad_post_title":"default","_kad_post_layout":"fullwidth","_kad_post_sidebar_id":"","_kad_post_content_style":"unboxed","_kad_post_vertical_padding":"hide","_kad_post_feature":"hide","_kad_post_feature_position":"","_kad_post_header":false,"_kad_post_footer":false,"footnotes":""},"class_list":["post-1518","page","type-page","status-publish","hentry"],"aioseo_notices":[],"_links":{"self":[{"href":"https:\/\/marcosrestegui.com\/en\/wp-json\/wp\/v2\/pages\/1518","targetHints":{"allow":["GET"]}}],"collection":[{"href":"https:\/\/marcosrestegui.com\/en\/wp-json\/wp\/v2\/pages"}],"about":[{"href":"https:\/\/marcosrestegui.com\/en\/wp-json\/wp\/v2\/types\/page"}],"author":[{"embeddable":true,"href":"https:\/\/marcosrestegui.com\/en\/wp-json\/wp\/v2\/users\/1"}],"replies":[{"embeddable":true,"href":"https:\/\/marcosrestegui.com\/en\/wp-json\/wp\/v2\/comments?post=1518"}],"version-history":[{"count":28,"href":"https:\/\/marcosrestegui.com\/en\/wp-json\/wp\/v2\/pages\/1518\/revisions"}],"predecessor-version":[{"id":2264,"href":"https:\/\/marcosrestegui.com\/en\/wp-json\/wp\/v2\/pages\/1518\/revisions\/2264"}],"wp:attachment":[{"href":"https:\/\/marcosrestegui.com\/en\/wp-json\/wp\/v2\/media?parent=1518"}],"curies":[{"name":"wp","href":"https:\/\/api.w.org\/{rel}","templated":true}]}}