{"id":906,"date":"2020-12-09T09:54:15","date_gmt":"2020-12-09T09:54:15","guid":{"rendered":"https:\/\/startertemplatecloud.com\/e08\/?page_id=12"},"modified":"2024-09-23T07:07:18","modified_gmt":"2024-09-23T07:07:18","slug":"nosotros","status":"publish","type":"page","link":"https:\/\/marcosrestegui.com\/en\/nosotros\/","title":{"rendered":"About us"},"content":{"rendered":"<div data-elementor-type=\"wp-page\" data-elementor-id=\"906\" class=\"elementor elementor-906\">\n\t\t\t\t<div class=\"elementor-element elementor-element-1ea6be8 e-flex e-con-boxed wpr-particle-no wpr-jarallax-no wpr-parallax-no wpr-sticky-section-no e-con e-parent\" data-id=\"1ea6be8\" data-element_type=\"container\" data-settings=\"{&quot;background_background&quot;:&quot;classic&quot;}\">\n\t\t\t\t\t<div class=\"e-con-inner\">\n\t\t\t\t\t<\/div>\n\t\t\t\t<\/div>\n\t\t\t\t<section class=\"elementor-section elementor-top-section elementor-element elementor-element-f2b968d elementor-section-content-middle elementor-hidden-tablet elementor-hidden-mobile elementor-section-boxed elementor-section-height-default elementor-section-height-default wpr-particle-no wpr-jarallax-no wpr-parallax-no wpr-sticky-section-no\" data-id=\"f2b968d\" data-element_type=\"section\" data-settings=\"{&quot;background_background&quot;:&quot;classic&quot;}\">\n\t\t\t\t\t\t\t<div class=\"elementor-background-overlay\"><\/div>\n\t\t\t\t\t\t\t<div class=\"elementor-container elementor-column-gap-default\">\n\t\t\t\t\t<div class=\"elementor-column elementor-col-50 elementor-top-column elementor-element elementor-element-5544ac7\" data-id=\"5544ac7\" data-element_type=\"column\">\n\t\t\t<div class=\"elementor-widget-wrap elementor-element-populated\">\n\t\t\t\t\t\t<section class=\"elementor-section elementor-inner-section elementor-element elementor-element-bae528a elementor-section-content-middle elementor-section-boxed elementor-section-height-default elementor-section-height-default wpr-particle-no wpr-jarallax-no wpr-parallax-no wpr-sticky-section-no\" data-id=\"bae528a\" data-element_type=\"section\">\n\t\t\t\t\t\t<div class=\"elementor-container elementor-column-gap-default\">\n\t\t\t\t\t<div class=\"elementor-column elementor-col-100 elementor-inner-column elementor-element elementor-element-59e4a35\" data-id=\"59e4a35\" data-element_type=\"column\">\n\t\t\t<div class=\"elementor-widget-wrap elementor-element-populated\">\n\t\t\t\t\t\t<div class=\"elementor-element elementor-element-ad41da9 animated-slow elementor-invisible elementor-widget elementor-widget-image\" data-id=\"ad41da9\" data-element_type=\"widget\" data-settings=\"{&quot;_animation&quot;:&quot;fadeInUp&quot;,&quot;_animation_delay&quot;:1400}\" data-widget_type=\"image.default\">\n\t\t\t\t<div class=\"elementor-widget-container\">\n\t\t\t\t\t\t\t\t\t\t\t\t\t<img fetchpriority=\"high\" decoding=\"async\" width=\"1024\" height=\"473\" src=\"https:\/\/marcosrestegui.com\/wp-content\/uploads\/2024\/08\/nosotros-escaparate-1024x473.jpg\" class=\"attachment-large size-large wp-image-1208\" alt=\"\" srcset=\"https:\/\/marcosrestegui.com\/wp-content\/uploads\/2024\/08\/nosotros-escaparate-1024x473.jpg 1024w, https:\/\/marcosrestegui.com\/wp-content\/uploads\/2024\/08\/nosotros-escaparate-300x138.jpg 300w, https:\/\/marcosrestegui.com\/wp-content\/uploads\/2024\/08\/nosotros-escaparate-768x355.jpg 768w, https:\/\/marcosrestegui.com\/wp-content\/uploads\/2024\/08\/nosotros-escaparate-1536x709.jpg 1536w, https:\/\/marcosrestegui.com\/wp-content\/uploads\/2024\/08\/nosotros-escaparate-2048x945.jpg 2048w\" sizes=\"(max-width: 1024px) 100vw, 1024px\" \/>\t\t\t\t\t\t\t\t\t\t\t\t\t<\/div>\n\t\t\t\t<\/div>\n\t\t\t\t\t<\/div>\n\t\t<\/div>\n\t\t\t\t\t<\/div>\n\t\t<\/section>\n\t\t\t\t\t<\/div>\n\t\t<\/div>\n\t\t\t\t<div class=\"elementor-column elementor-col-50 elementor-top-column elementor-element elementor-element-a92637f\" data-id=\"a92637f\" data-element_type=\"column\">\n\t\t\t<div class=\"elementor-widget-wrap elementor-element-populated\">\n\t\t\t\t\t\t<div class=\"elementor-element elementor-element-fb3c47d animated-slow elementor-invisible elementor-widget elementor-widget-heading\" data-id=\"fb3c47d\" data-element_type=\"widget\" data-settings=\"{&quot;_animation&quot;:&quot;fadeInRight&quot;}\" data-widget_type=\"heading.default\">\n\t\t\t\t<div class=\"elementor-widget-container\">\n\t\t\t<h2 class=\"elementor-heading-title elementor-size-default\">Specialists in women's fashion and leather goods<\/h2>\t\t<\/div>\n\t\t\t\t<\/div>\n\t\t\t\t<div class=\"elementor-element elementor-element-58fa123 animated-slow elementor-invisible elementor-widget elementor-widget-text-editor\" data-id=\"58fa123\" data-element_type=\"widget\" data-settings=\"{&quot;_animation&quot;:&quot;fadeInRight&quot;,&quot;_animation_delay&quot;:200}\" data-widget_type=\"text-editor.default\">\n\t\t\t\t<div class=\"elementor-widget-container\">\n\t\t\t\t\t\t\t<p>For over 40 years we have been committed to offering the latest trends and exclusive designs for women who are looking for style and elegance.\u00a0<\/p><p>Our passion for fashion is reflected in every garment and accessory we carefully select for our collection. We strive to offer versatile and high quality options, collaborating with some of the most prestigious brands in the market to do so.<\/p>\t\t\t\t\t\t<\/div>\n\t\t\t\t<\/div>\n\t\t\t\t\t<\/div>\n\t\t<\/div>\n\t\t\t\t\t<\/div>\n\t\t<\/section>\n\t\t\t\t<section class=\"elementor-section elementor-top-section elementor-element elementor-element-82e1539 elementor-section-content-middle elementor-hidden-desktop elementor-section-boxed elementor-section-height-default elementor-section-height-default wpr-particle-no wpr-jarallax-no wpr-parallax-no wpr-sticky-section-no\" data-id=\"82e1539\" data-element_type=\"section\" data-settings=\"{&quot;background_background&quot;:&quot;classic&quot;}\">\n\t\t\t\t\t\t\t<div class=\"elementor-background-overlay\"><\/div>\n\t\t\t\t\t\t\t<div class=\"elementor-container elementor-column-gap-default\">\n\t\t\t\t\t<div class=\"elementor-column elementor-col-100 elementor-top-column elementor-element elementor-element-4ccea0f\" data-id=\"4ccea0f\" data-element_type=\"column\">\n\t\t\t<div class=\"elementor-widget-wrap elementor-element-populated\">\n\t\t\t\t\t\t<div class=\"elementor-element elementor-element-4ddc32e animated-slow elementor-invisible elementor-widget elementor-widget-heading\" data-id=\"4ddc32e\" data-element_type=\"widget\" data-settings=\"{&quot;_animation&quot;:&quot;fadeInRight&quot;}\" data-widget_type=\"heading.default\">\n\t\t\t\t<div class=\"elementor-widget-container\">\n\t\t\t<h2 class=\"elementor-heading-title elementor-size-default\">Specialists in women's fashion and leather goods<\/h2>\t\t<\/div>\n\t\t\t\t<\/div>\n\t\t\t\t<div class=\"elementor-element elementor-element-d245dfa animated-slow elementor-invisible elementor-widget elementor-widget-text-editor\" data-id=\"d245dfa\" data-element_type=\"widget\" data-settings=\"{&quot;_animation&quot;:&quot;fadeInRight&quot;,&quot;_animation_delay&quot;:200}\" data-widget_type=\"text-editor.default\">\n\t\t\t\t<div class=\"elementor-widget-container\">\n\t\t\t\t\t\t\t<p>For over 40 years we have been committed to offering the latest trends and exclusive designs for women who are looking for style and elegance.\u00a0<\/p><p>Our passion for fashion is reflected in every garment and accessory we carefully select for our collection. We strive to offer versatile and high quality options, collaborating with some of the most prestigious brands in the market to do so.<\/p>\t\t\t\t\t\t<\/div>\n\t\t\t\t<\/div>\n\t\t\t\t<div class=\"elementor-element elementor-element-7700dff animated-slow elementor-invisible elementor-widget elementor-widget-image\" data-id=\"7700dff\" data-element_type=\"widget\" data-settings=\"{&quot;_animation&quot;:&quot;fadeInUp&quot;,&quot;_animation_delay&quot;:1400}\" data-widget_type=\"image.default\">\n\t\t\t\t<div class=\"elementor-widget-container\">\n\t\t\t\t\t\t\t\t\t\t\t\t\t<img fetchpriority=\"high\" decoding=\"async\" width=\"1024\" height=\"473\" src=\"https:\/\/marcosrestegui.com\/wp-content\/uploads\/2024\/08\/nosotros-escaparate-1024x473.jpg\" class=\"attachment-large size-large wp-image-1208\" alt=\"\" srcset=\"https:\/\/marcosrestegui.com\/wp-content\/uploads\/2024\/08\/nosotros-escaparate-1024x473.jpg 1024w, https:\/\/marcosrestegui.com\/wp-content\/uploads\/2024\/08\/nosotros-escaparate-300x138.jpg 300w, https:\/\/marcosrestegui.com\/wp-content\/uploads\/2024\/08\/nosotros-escaparate-768x355.jpg 768w, https:\/\/marcosrestegui.com\/wp-content\/uploads\/2024\/08\/nosotros-escaparate-1536x709.jpg 1536w, https:\/\/marcosrestegui.com\/wp-content\/uploads\/2024\/08\/nosotros-escaparate-2048x945.jpg 2048w\" sizes=\"(max-width: 1024px) 100vw, 1024px\" \/>\t\t\t\t\t\t\t\t\t\t\t\t\t<\/div>\n\t\t\t\t<\/div>\n\t\t\t\t\t<\/div>\n\t\t<\/div>\n\t\t\t\t\t<\/div>\n\t\t<\/section>\n\t\t\t\t<section class=\"elementor-section elementor-top-section elementor-element elementor-element-b15ae69 elementor-section-boxed elementor-section-height-default elementor-section-height-default wpr-particle-no wpr-jarallax-no wpr-parallax-no wpr-sticky-section-no\" data-id=\"b15ae69\" data-element_type=\"section\" data-settings=\"{&quot;background_background&quot;:&quot;classic&quot;}\">\n\t\t\t\t\t\t\t<div class=\"elementor-background-overlay\"><\/div>\n\t\t\t\t\t\t\t<div class=\"elementor-container elementor-column-gap-default\">\n\t\t\t\t\t<div class=\"elementor-column elementor-col-50 elementor-top-column elementor-element elementor-element-bf58e8e\" data-id=\"bf58e8e\" data-element_type=\"column\">\n\t\t\t<div class=\"elementor-widget-wrap elementor-element-populated\">\n\t\t\t\t\t\t<div class=\"elementor-element elementor-element-5301663 elementor-tablet-align-center animated-slow elementor-align-center elementor-invisible elementor-widget elementor-widget-button\" data-id=\"5301663\" data-element_type=\"widget\" data-settings=\"{&quot;_animation&quot;:&quot;fadeInDown&quot;,&quot;_animation_delay&quot;:1000}\" data-widget_type=\"button.default\">\n\t\t\t\t<div class=\"elementor-widget-container\">\n\t\t\t\t\t<div class=\"elementor-button-wrapper\">\n\t\t\t<a class=\"elementor-button elementor-button-link elementor-size-sm\" href=\"https:\/\/marcosrestegui.com\/en\/contacto\/\">\n\t\t\t\t\t\t<span class=\"elementor-button-content-wrapper\">\n\t\t\t\t\t\t\t\t\t<span class=\"elementor-button-text\">Contact<\/span>\n\t\t\t\t\t<\/span>\n\t\t\t\t\t<\/a>\n\t\t<\/div>\n\t\t\t\t<\/div>\n\t\t\t\t<\/div>\n\t\t\t\t\t<\/div>\n\t\t<\/div>\n\t\t\t\t<div class=\"elementor-column elementor-col-50 elementor-top-column elementor-element elementor-element-ef09fd6\" data-id=\"ef09fd6\" data-element_type=\"column\">\n\t\t\t<div class=\"elementor-widget-wrap elementor-element-populated\">\n\t\t\t\t\t\t<div class=\"elementor-element elementor-element-db28bac elementor-widget__width-initial elementor-widget elementor-widget-text-editor\" data-id=\"db28bac\" data-element_type=\"widget\" data-widget_type=\"text-editor.default\">\n\t\t\t\t<div class=\"elementor-widget-container\">\n\t\t\t\t\t\t\t<p>C\/ Claudio Moyano 1, Valladolid.<\/p><p>Monday to Friday: 10:00-13:45, 17:00-20:30<br \/>Saturday: 10:15-14:00<br \/>Sunday: closed<\/p>\t\t\t\t\t\t<\/div>\n\t\t\t\t<\/div>\n\t\t\t\t\t<\/div>\n\t\t<\/div>\n\t\t\t\t\t<\/div>\n\t\t<\/section>\n\t\t\t\t<\/div>","protected":false},"excerpt":{"rendered":"<p>Especialistas en moda de mujer y peleter\u00eda Llevamos m\u00e1s de 40 a\u00f1os comprometidos en ofrecer las \u00faltimas tendencias y dise\u00f1os exclusivos para mujeres que buscan estilo y elegancia. Nuestra pasi\u00f3n por la moda se refleja en cada prenda y accesorio que seleccionamos cuidadosamente para nuestra colecci\u00f3n. Nos esforzamos por ofrecer opciones vers\u00e1tiles y de alta calidad, colaborando con algunas de las firmas m\u00e1s prestigiosas del mercado para ello. Especialistas en moda de mujer y peleter\u00eda Llevamos m\u00e1s de 40 a\u00f1os comprometidos en ofrecer las \u00faltimas tendencias y dise\u00f1os exclusivos para mujeres que buscan estilo y elegancia. Nuestra pasi\u00f3n por la moda se refleja en cada prenda y accesorio que seleccionamos cuidadosamente para nuestra colecci\u00f3n. Nos esforzamos por ofrecer opciones vers\u00e1tiles y de alta calidad, colaborando con algunas de las firmas m\u00e1s prestigiosas del mercado para ello. Contacto C\/ Claudio Moyano 1, Valladolid. Lunes a Viernes: 10:00\u201313:45, 17:00\u201320:30 S\u00e1bado: 10:15\u201314:00 Domingo: cerrado<\/p>","protected":false},"author":1,"featured_media":0,"parent":0,"menu_order":0,"comment_status":"closed","ping_status":"closed","template":"elementor_header_footer","meta":{"om_disable_all_campaigns":false,"_kadence_starter_templates_imported_post":true,"_kad_post_transparent":"default","_kad_post_title":"default","_kad_post_layout":"fullwidth","_kad_post_sidebar_id":"","_kad_post_content_style":"unboxed","_kad_post_vertical_padding":"hide","_kad_post_feature":"hide","_kad_post_feature_position":"","_kad_post_header":false,"_kad_post_footer":false,"footnotes":""},"class_list":["post-906","page","type-page","status-publish","hentry"],"aioseo_notices":[],"_links":{"self":[{"href":"https:\/\/marcosrestegui.com\/en\/wp-json\/wp\/v2\/pages\/906","targetHints":{"allow":["GET"]}}],"collection":[{"href":"https:\/\/marcosrestegui.com\/en\/wp-json\/wp\/v2\/pages"}],"about":[{"href":"https:\/\/marcosrestegui.com\/en\/wp-json\/wp\/v2\/types\/page"}],"author":[{"embeddable":true,"href":"https:\/\/marcosrestegui.com\/en\/wp-json\/wp\/v2\/users\/1"}],"replies":[{"embeddable":true,"href":"https:\/\/marcosrestegui.com\/en\/wp-json\/wp\/v2\/comments?post=906"}],"version-history":[{"count":287,"href":"https:\/\/marcosrestegui.com\/en\/wp-json\/wp\/v2\/pages\/906\/revisions"}],"predecessor-version":[{"id":2249,"href":"https:\/\/marcosrestegui.com\/en\/wp-json\/wp\/v2\/pages\/906\/revisions\/2249"}],"wp:attachment":[{"href":"https:\/\/marcosrestegui.com\/en\/wp-json\/wp\/v2\/media?parent=906"}],"curies":[{"name":"wp","href":"https:\/\/api.w.org\/{rel}","templated":true}]}}